{"id":167,"date":"2021-01-18T22:28:00","date_gmt":"2021-01-18T22:28:00","guid":{"rendered":"https:\/\/chatzglobal.com\/register\/"},"modified":"2021-01-18T22:28:00","modified_gmt":"2021-01-18T22:28:00","slug":"register","status":"publish","type":"page","link":"https:\/\/chatzglobal.com\/es\/register\/","title":{"rendered":"Register"},"content":{"rendered":"\n<div class=\"um um-register um-161\">\n\t<div class=\"um-form\" data-mode=\"register\">\n\t\t<form method=\"post\" action=\"\">\n\t\t\t<div class=\"um-row _um_row_1 \" style=\"margin: 0 0 30px 0;\"><div class=\"um-col-1\"><div  id=\"um_field_161_user_login\" class=\"um-field um-field-text  um-field-user_login um-field-text um-field-type_text\" data-key=\"user_login\"><div class=\"um-field-label\"><label for=\"user_login-161\">Nombre de usuario<span class=\"um-req\" title=\"Obligatorio\">*<\/span><\/label><div class=\"um-clear\"><\/div><\/div><div class=\"um-field-area\"><input  autocomplete=\"off\" class=\"um-form-field valid \" type=\"text\" name=\"user_login-161\" id=\"user_login-161\" value=\"\" placeholder=\"\" data-validate=\"unique_username\" data-key=\"user_login\"  aria-invalid=\"false\" \/>\n\n\t\t\t\t\t\t<\/div><\/div><div  id=\"um_field_161_first_name\" class=\"um-field um-field-text  um-field-first_name um-field-text um-field-type_text\" data-key=\"first_name\"><div class=\"um-field-label\"><label for=\"first_name-161\">Nombre<\/label><div class=\"um-clear\"><\/div><\/div><div class=\"um-field-area\"><input  autocomplete=\"off\" class=\"um-form-field valid \" type=\"text\" name=\"first_name-161\" id=\"first_name-161\" value=\"\" placeholder=\"\" data-validate=\"\" data-key=\"first_name\"  aria-invalid=\"false\" \/>\n\n\t\t\t\t\t\t<\/div><\/div><div  id=\"um_field_161_last_name\" class=\"um-field um-field-text  um-field-last_name um-field-text um-field-type_text\" data-key=\"last_name\"><div class=\"um-field-label\"><label for=\"last_name-161\">Apellidos<\/label><div class=\"um-clear\"><\/div><\/div><div class=\"um-field-area\"><input  autocomplete=\"off\" class=\"um-form-field valid \" type=\"text\" name=\"last_name-161\" id=\"last_name-161\" value=\"\" placeholder=\"\" data-validate=\"\" data-key=\"last_name\"  aria-invalid=\"false\" \/>\n\n\t\t\t\t\t\t<\/div><\/div><div  id=\"um_field_161_user_email\" class=\"um-field um-field-text  um-field-user_email um-field-text um-field-type_text\" data-key=\"user_email\"><div class=\"um-field-label\"><label for=\"user_email-161\">Direcci\u00f3n de correo electr\u00f3nico<\/label><div class=\"um-clear\"><\/div><\/div><div class=\"um-field-area\"><input  autocomplete=\"off\" class=\"um-form-field valid \" type=\"text\" name=\"user_email-161\" id=\"user_email-161\" value=\"\" placeholder=\"\" data-validate=\"unique_email\" data-key=\"user_email\"  aria-invalid=\"false\" \/>\n\n\t\t\t\t\t\t<\/div><\/div><div  id=\"um_field_161_user_password\" class=\"um-field um-field-password  um-field-user_password um-field-password um-field-type_password\" data-key=\"user_password\"><div class=\"um-field-label\"><label for=\"user_password-161\">Contrase\u00f1a<span class=\"um-req\" title=\"Obligatorio\">*<\/span><\/label><div class=\"um-clear\"><\/div><\/div><div class=\"um-field-area\"><input class=\"um-form-field valid \" type=\"password\" name=\"user_password-161\" id=\"user_password-161\" value=\"\" placeholder=\"\" data-validate=\"\" data-key=\"user_password\"  aria-invalid=\"false\" \/>\n\n\t\t\t\t\t\t\t<\/div><\/div><div  id=\"um_field_161_confirm_user_password\" class=\"um-field um-field-password  um-field-user_password um-field-password um-field-type_password\" data-key=\"confirm_user_password\"><div class=\"um-field-label\"><label for=\"confirm_user_password-161\">Confirmar Contrase\u00f1a<span class=\"um-req\" title=\"Obligatorio\">*<\/span><\/label><div class=\"um-clear\"><\/div><\/div><div class=\"um-field-area\"><input class=\"um-form-field valid \" type=\"password\" name=\"confirm_user_password-161\" id=\"confirm_user_password-161\" value=\"\" placeholder=\"Confirmar Contrase\u00f1a\" data-validate=\"\" data-key=\"confirm_user_password\"  aria-invalid=\"false\" \/><\/div><\/div><\/div><\/div>\t<input type=\"hidden\" name=\"form_id\" id=\"form_id_161\" value=\"161\" \/>\n\t\t<p class=\"um_request_name\">\n\t\t<label for=\"um_request_161\">Only fill in if you are not human<\/label>\n\t\t<input type=\"hidden\" name=\"um_request\" id=\"um_request_161\" class=\"input\" value=\"\" size=\"25\" autocomplete=\"off\" \/>\n\t<\/p>\n\t<input type=\"hidden\" id=\"_wpnonce\" name=\"_wpnonce\" value=\"cff738e182\" \/><input type=\"hidden\" name=\"_wp_http_referer\" value=\"\/es\/wp-json\/wp\/v2\/pages\/167\" \/>\n\t<div class=\"um-col-alt\">\n\n\t\t\n\t\t\t<div class=\"um-left um-half\">\n\t\t\t\t<input type=\"submit\" value=\"Registro\" class=\"um-button\" id=\"um-submit-btn\" \/>\n\t\t\t<\/div>\n\t\t\t<div class=\"um-right um-half\">\n\t\t\t\t<a href=\"https:\/\/chatzglobal.com\/es\/login\/\" class=\"um-button um-alt\">\n\t\t\t\t\tAcceder\t\t\t\t<\/a>\n\t\t\t<\/div>\n\n\t\t\n\t\t<div class=\"um-clear\"><\/div>\n\n\t<\/div>\n\n\t\t\t<\/form>\n\t<\/div>\n<\/div>\n<style>\n\t\t\t.um-161.um {\n\t\t\tmax-width: 450px;\n\t\t}\n\t\t<\/style>\n\n","protected":false},"excerpt":{"rendered":"<p>Nombre de usuario* Nombre Apellidos Direcci\u00f3n de correo electr\u00f3nico Contrase\u00f1a* Confirmar Contrase\u00f1a* Only fill in if you are not human Acceder<\/p>\n","protected":false},"author":1,"featured_media":0,"parent":0,"menu_order":0,"comment_status":"closed","ping_status":"closed","template":"","meta":{"_coblocks_attr":"","_coblocks_dimensions":"","_coblocks_responsive_height":"","_coblocks_accordion_ie_support":"","footnotes":""},"class_list":["post-167","page","type-page","status-publish","hentry"],"yoast_head":"<!-- This site is optimized with the Yoast SEO plugin v27.4 - https:\/\/yoast.com\/product\/yoast-seo-wordpress\/ -->\n<title>Register<\/title>\n<meta name=\"description\" content=\"[ultimatemember form_id=&quot;161&quot;]\" \/>\n<meta name=\"robots\" content=\"index, follow, max-snippet:-1, max-image-preview:large, max-video-preview:-1\" \/>\n<link rel=\"canonical\" href=\"http:\/\/[ultimatemember%20form_id=161]\" \/>\n<meta property=\"og:locale\" content=\"es_ES\" \/>\n<meta property=\"og:type\" content=\"article\" \/>\n<meta property=\"og:title\" content=\"Register\" \/>\n<meta property=\"og:description\" content=\"[ultimatemember form_id=&quot;161&quot;]\" \/>\n<meta property=\"og:url\" content=\"https:\/\/chatzglobal.com\/es\/register\/\" \/>\n<meta name=\"twitter:card\" content=\"summary_large_image\" \/>\n<script type=\"application\/ld+json\" class=\"yoast-schema-graph\">{\"@context\":\"https:\\\/\\\/schema.org\",\"@graph\":[{\"@type\":\"WebPage\",\"@id\":\"https:\\\/\\\/chatzglobal.com\\\/es\\\/register\\\/\",\"url\":\"https:\\\/\\\/chatzglobal.com\\\/es\\\/register\\\/\",\"name\":\"Register -\",\"isPartOf\":{\"@id\":\"https:\\\/\\\/seashell-gorilla-764627.hostingersite.com\\\/#website\"},\"datePublished\":\"2021-01-18T22:28:00+00:00\",\"breadcrumb\":{\"@id\":\"https:\\\/\\\/chatzglobal.com\\\/es\\\/register\\\/#breadcrumb\"},\"inLanguage\":\"es\",\"potentialAction\":[{\"@type\":\"ReadAction\",\"target\":[\"https:\\\/\\\/chatzglobal.com\\\/es\\\/register\\\/\"]}]},{\"@type\":\"BreadcrumbList\",\"@id\":\"https:\\\/\\\/chatzglobal.com\\\/es\\\/register\\\/#breadcrumb\",\"itemListElement\":[{\"@type\":\"ListItem\",\"position\":1,\"name\":\"Chatz Global - English Classes for Conversation\",\"item\":\"https:\\\/\\\/seashell-gorilla-764627.hostingersite.com\\\/\"},{\"@type\":\"ListItem\",\"position\":2,\"name\":\"Register\"}]},{\"@type\":\"WebSite\",\"@id\":\"https:\\\/\\\/seashell-gorilla-764627.hostingersite.com\\\/#website\",\"url\":\"https:\\\/\\\/seashell-gorilla-764627.hostingersite.com\\\/\",\"name\":\"\",\"description\":\"\",\"potentialAction\":[{\"@type\":\"SearchAction\",\"target\":{\"@type\":\"EntryPoint\",\"urlTemplate\":\"https:\\\/\\\/seashell-gorilla-764627.hostingersite.com\\\/?s={search_term_string}\"},\"query-input\":{\"@type\":\"PropertyValueSpecification\",\"valueRequired\":true,\"valueName\":\"search_term_string\"}}],\"inLanguage\":\"es\"}]}<\/script>\n<!-- \/ Yoast SEO plugin. -->","yoast_head_json":{"title":"Register","description":"[ultimatemember form_id=\"161\"]","robots":{"index":"index","follow":"follow","max-snippet":"max-snippet:-1","max-image-preview":"max-image-preview:large","max-video-preview":"max-video-preview:-1"},"canonical":"[ultimatemember form_id=\"161\"]","og_locale":"es_ES","og_type":"article","og_title":"Register","og_description":"[ultimatemember form_id=\"161\"]","og_url":"https:\/\/chatzglobal.com\/es\/register\/","twitter_card":"summary_large_image","schema":{"@context":"https:\/\/schema.org","@graph":[{"@type":"WebPage","@id":"https:\/\/chatzglobal.com\/es\/register\/","url":"https:\/\/chatzglobal.com\/es\/register\/","name":"Register -","isPartOf":{"@id":"https:\/\/seashell-gorilla-764627.hostingersite.com\/#website"},"datePublished":"2021-01-18T22:28:00+00:00","breadcrumb":{"@id":"https:\/\/chatzglobal.com\/es\/register\/#breadcrumb"},"inLanguage":"es","potentialAction":[{"@type":"ReadAction","target":["https:\/\/chatzglobal.com\/es\/register\/"]}]},{"@type":"BreadcrumbList","@id":"https:\/\/chatzglobal.com\/es\/register\/#breadcrumb","itemListElement":[{"@type":"ListItem","position":1,"name":"Chatz Global - English Classes for Conversation","item":"https:\/\/seashell-gorilla-764627.hostingersite.com\/"},{"@type":"ListItem","position":2,"name":"Register"}]},{"@type":"WebSite","@id":"https:\/\/seashell-gorilla-764627.hostingersite.com\/#website","url":"https:\/\/seashell-gorilla-764627.hostingersite.com\/","name":"","description":"","potentialAction":[{"@type":"SearchAction","target":{"@type":"EntryPoint","urlTemplate":"https:\/\/seashell-gorilla-764627.hostingersite.com\/?s={search_term_string}"},"query-input":{"@type":"PropertyValueSpecification","valueRequired":true,"valueName":"search_term_string"}}],"inLanguage":"es"}]}},"_links":{"self":[{"href":"https:\/\/chatzglobal.com\/es\/wp-json\/wp\/v2\/pages\/167","targetHints":{"allow":["GET"]}}],"collection":[{"href":"https:\/\/chatzglobal.com\/es\/wp-json\/wp\/v2\/pages"}],"about":[{"href":"https:\/\/chatzglobal.com\/es\/wp-json\/wp\/v2\/types\/page"}],"author":[{"embeddable":true,"href":"https:\/\/chatzglobal.com\/es\/wp-json\/wp\/v2\/users\/1"}],"replies":[{"embeddable":true,"href":"https:\/\/chatzglobal.com\/es\/wp-json\/wp\/v2\/comments?post=167"}],"version-history":[{"count":0,"href":"https:\/\/chatzglobal.com\/es\/wp-json\/wp\/v2\/pages\/167\/revisions"}],"wp:attachment":[{"href":"https:\/\/chatzglobal.com\/es\/wp-json\/wp\/v2\/media?parent=167"}],"curies":[{"name":"wp","href":"https:\/\/api.w.org\/{rel}","templated":true}]}}