{"id":18,"date":"2021-01-09T21:29:07","date_gmt":"2021-01-09T21:29:07","guid":{"rendered":"https:\/\/chatzglobal.com\/?page_id=18"},"modified":"2021-12-16T18:48:38","modified_gmt":"2021-12-16T18:48:38","slug":"customizing-courses","status":"publish","type":"page","link":"https:\/\/chatzglobal.com\/es\/customizing-courses\/","title":{"rendered":"Chatz \"Meet Ups\""},"content":{"rendered":"\n<div class=\"wp-block-columns is-layout-flex wp-container-core-columns-is-layout-9d6595d7 wp-block-columns-is-layout-flex\">\n<div class=\"wp-block-column is-layout-flow wp-block-column-is-layout-flow\">\n<p class=\"has-text-align-center\" style=\"font-size:20px\"><strong>Why the &#8220;Meet up&#8221; Model?<\/strong><\/p>\n\n\n\n<p class=\"has-text-align-center\" style=\"font-size:18px\">Small groups offer students more opportunities to talk. They are more willing to take risks that might not happen in a large classroom.<br><strong>Risk taking is essential to language learning!<\/strong><\/p>\n<\/div>\n\n\n\n<div class=\"wp-block-column is-layout-flow wp-block-column-is-layout-flow\">\n<p class=\"has-text-align-center\" style=\"font-size:18px\"><strong>\u00bfPor qu\u00e9 el modelo &#8220;Meet Up&#8221;?<\/strong><\/p>\n\n\n\n<p class=\"has-text-align-center\" style=\"font-size:18px\">Los grupos peque\u00f1os ofrecen  a los estudiantes m\u00e1s <br>oportunidades para hablar.  <br>Est\u00e1n m\u00e1s dispuestos a correr riesgos lo que <br>podr\u00eda no suceder en un aula grande.<br><strong>\u00a1Asumir riegos es esencial para aprendizaje de idiomas!<\/strong><\/p>\n<\/div>\n<\/div>\n\n\n\n<div class=\"wp-block-columns is-layout-flex wp-container-core-columns-is-layout-9d6595d7 wp-block-columns-is-layout-flex\">\n<div class=\"wp-block-column is-layout-flow wp-block-column-is-layout-flow\">\n<div class=\"wp-block-image\"><figure class=\"aligncenter size-large is-resized\"><img loading=\"lazy\" decoding=\"async\" src=\"https:\/\/chatzglobal.com\/wp-content\/uploads\/2021\/02\/DSC_8973-Recovered@0.5x-1024x684.jpg\" alt=\"\" class=\"wp-image-300\" width=\"479\" height=\"320\" srcset=\"https:\/\/chatzglobal.com\/wp-content\/uploads\/2021\/02\/DSC_8973-Recovered@0.5x-1024x684.jpg 1024w, https:\/\/chatzglobal.com\/wp-content\/uploads\/2021\/02\/DSC_8973-Recovered@0.5x-300x200.jpg 300w, https:\/\/chatzglobal.com\/wp-content\/uploads\/2021\/02\/DSC_8973-Recovered@0.5x-768x513.jpg 768w, https:\/\/chatzglobal.com\/wp-content\/uploads\/2021\/02\/DSC_8973-Recovered@0.5x-1536x1025.jpg 1536w, https:\/\/chatzglobal.com\/wp-content\/uploads\/2021\/02\/DSC_8973-Recovered@0.5x-2048x1367.jpg 2048w\" sizes=\"auto, (max-width: 479px) 100vw, 479px\" \/><\/figure><\/div>\n<\/div>\n\n\n\n<div class=\"wp-block-column is-layout-flow wp-block-column-is-layout-flow\">\n<div class=\"wp-block-image\"><figure class=\"aligncenter size-large is-resized\"><img loading=\"lazy\" decoding=\"async\" src=\"https:\/\/chatzglobal.com\/wp-content\/uploads\/2021\/02\/DSC_8832-1024x684.jpg\" alt=\"\" class=\"wp-image-245\" width=\"490\" height=\"327\" srcset=\"https:\/\/chatzglobal.com\/wp-content\/uploads\/2021\/02\/DSC_8832-1024x684.jpg 1024w, https:\/\/chatzglobal.com\/wp-content\/uploads\/2021\/02\/DSC_8832-300x200.jpg 300w, https:\/\/chatzglobal.com\/wp-content\/uploads\/2021\/02\/DSC_8832-768x513.jpg 768w, https:\/\/chatzglobal.com\/wp-content\/uploads\/2021\/02\/DSC_8832-1536x1025.jpg 1536w, https:\/\/chatzglobal.com\/wp-content\/uploads\/2021\/02\/DSC_8832-2048x1367.jpg 2048w\" sizes=\"auto, (max-width: 490px) 100vw, 490px\" \/><\/figure><\/div>\n<\/div>\n<\/div>\n\n\n\n<div class=\"wp-block-columns is-layout-flex wp-container-core-columns-is-layout-9d6595d7 wp-block-columns-is-layout-flex\">\n<div class=\"wp-block-column is-layout-flow wp-block-column-is-layout-flow\">\n<p class=\"has-text-align-center\" style=\"font-size:18px\"><strong>How are Meet Up Groups formed?<\/strong><br>Meet Up Groups are formed based on a simple proficiency test and your reason for learning English. Our amazing teachers place in you a small group of 3-4 students with similar test scores and interests.<br>They organize a convenient time and place to &#8220;meet up&#8221;. <br>They will use the local Chatz Global FaceBook page to keep everyone connected and informed!<br><strong>Would you like to take a quick English test?<\/strong><br><a href=\"http:\/\/www.cambridgeenglish.org\/test-your-english\/general-english\">www.cambridgeenglish.org\/test-your-english\/general-english<\/a><\/p>\n\n\n\n<p class=\"has-text-align-center\" style=\"font-size:18px\"><strong>Sessions<\/strong><br>All sessions are one hour unless the group choses a longer time. They are taught in 8 week cycles and students may take as many cycles as they wish.<br><strong>Fees are a reasonable per hour rate.<\/strong><\/p>\n\n\n\n<p class=\"has-text-align-center\" style=\"font-size:18px\"><em><strong>Check out &#8220;Our Teachers&#8221; page to discover what makes them different!<\/strong><\/em><\/p>\n<\/div>\n\n\n\n<div class=\"wp-block-column is-layout-flow wp-block-column-is-layout-flow\">\n<p class=\"has-text-align-center\" style=\"font-size:18px\"><strong>\u00bfC\u00f3mo se forman los grupos &#8220;Meet Up&#8221;?<\/strong><br>Los grupos Meet Up se forman en base a una simple prueba de competencia y su raz\u00f3n para aprender ingl\u00e9s. Nuestros incre\u00edbles maestros te colocan en un peque\u00f1o grupo de 3-4 estudiantes con puntajes e intereses similares.<br>Los maestros organizan una hora y <br>un lugar convenientes para &#8220;meet up&#8221;.<br>  \u00a1Usar\u00e1n la p\u00e1gina local de <a href=\"http:\/\/www.facebook.com\/learnenglishincafes\">www.facebook.com\/learnenglishincafes <\/a><br>para mantener a todos conectados e informados!<br><br><strong>\u00bfTe gustar\u00eda hacer una prueba r\u00e1pida de ingl\u00e9s?<\/strong><br><a href=\"http:\/\/www.cambridgeenglish.org\/test-your-english\/general-english\">www.cambridgeenglish.org\/test-your-english\/general-english <\/a><br><strong>Sesiones<\/strong><br>Todas las sesiones son de una hora a menos que el grupo elija <br>un tiempo m\u00e1s largo. Se imparten en ciclos de 8 semanas y los estudiantes pueden realizar tanto ciclos como deseen.<br><strong>Las tarifas son razonables : 8 eu por hora<\/strong><br><strong>\u00a1Visite la p\u00e1gina &#8220;Nuestros Maestros &#8221; para descubrir qu\u00e9 los hace diferentes !<\/strong><\/p>\n<\/div>\n<\/div>\n\n\n\n<p><\/p>\n","protected":false},"excerpt":{"rendered":"<p>Why the &#8220;Meet up&#8221; Model? Small groups offer students more opportunities to talk. They are more willing to take risks that might not happen in a large classroom.Risk taking is essential to language learning! \u00bfPor qu\u00e9 el modelo &#8220;Meet Up&#8221;? Los grupos peque\u00f1os ofrecen a los estudiantes m\u00e1s oportunidades para hablar. Est\u00e1n m\u00e1s dispuestos a [&hellip;]<\/p>\n","protected":false},"author":1,"featured_media":0,"parent":0,"menu_order":0,"comment_status":"closed","ping_status":"closed","template":"","meta":{"_coblocks_attr":"","_coblocks_dimensions":"","_coblocks_responsive_height":"","_coblocks_accordion_ie_support":"","footnotes":""},"class_list":["post-18","page","type-page","status-publish","hentry"],"yoast_head":"<!-- This site is optimized with the Yoast SEO plugin v27.4 - https:\/\/yoast.com\/product\/yoast-seo-wordpress\/ -->\n<title>Chatz &quot;Meet Ups&quot;<\/title>\n<meta name=\"description\" content=\"Why the &quot;Meet up&quot; Model? Small groups offer students more opportunities to talk. They are more willing to take risks that might not happen in a large classroom.Risk taking is essential to language learning! \u00bfPor qu\u00e9 el modelo &quot;Meet Up&quot;? Los grupos peque\u00f1os ofrecen a los estudiantes m\u00e1s oportunidades para hablar. Est\u00e1n m\u00e1s dispuestos a&hellip;\" \/>\n<meta name=\"robots\" content=\"index, follow, max-snippet:-1, max-image-preview:large, max-video-preview:-1\" \/>\n<link rel=\"canonical\" href=\"http:\/\/Why%20the%20Meet%20up%20Model?%20Small%20groups%20offer%20students%20more%20opportunities%20to%20talk.%20They%20are%20more%20willing%20to%20take%20risks%20that%20might%20not%20happen%20in%20a%20large%20classroom.Risk%20taking%20is%20essential%20to%20language%20learning!%20\u00bfPor%20qu\u00e9%20el%20modelo%20Meet%20Up?%20Los%20grupos%20peque\u00f1os%20ofrecen%20a%20los%20estudiantes%20m\u00e1s%20oportunidades%20para%20hablar.%20Est\u00e1n%20m\u00e1s%20dispuestos%20a&hellip;\" \/>\n<meta property=\"og:locale\" content=\"es_ES\" \/>\n<meta property=\"og:type\" content=\"article\" \/>\n<meta property=\"og:title\" content=\"Chatz &quot;Meet Ups&quot;\" \/>\n<meta property=\"og:description\" content=\"Why the &quot;Meet up&quot; Model? Small groups offer students more opportunities to talk. They are more willing to take risks that might not happen in a large classroom.Risk taking is essential to language learning! \u00bfPor qu\u00e9 el modelo &quot;Meet Up&quot;? Los grupos peque\u00f1os ofrecen a los estudiantes m\u00e1s oportunidades para hablar. Est\u00e1n m\u00e1s dispuestos a&hellip;\" \/>\n<meta property=\"og:url\" content=\"https:\/\/chatzglobal.com\/es\/customizing-courses\/\" \/>\n<meta property=\"article:modified_time\" content=\"2021-12-16T18:48:38+00:00\" \/>\n<meta property=\"og:image\" content=\"https:\/\/chatzglobal.com\/wp-content\/uploads\/2021\/02\/DSC_8973-Recovered@0.5x-1024x684.jpg\" \/>\n<meta name=\"twitter:card\" content=\"summary_large_image\" \/>\n<meta name=\"twitter:label1\" content=\"Tiempo de lectura\" \/>\n\t<meta name=\"twitter:data1\" content=\"2 minutos\" \/>\n<script type=\"application\/ld+json\" class=\"yoast-schema-graph\">{\"@context\":\"https:\\\/\\\/schema.org\",\"@graph\":[{\"@type\":\"WebPage\",\"@id\":\"https:\\\/\\\/chatzglobal.com\\\/es\\\/customizing-courses\\\/\",\"url\":\"https:\\\/\\\/chatzglobal.com\\\/es\\\/customizing-courses\\\/\",\"name\":\"Chatz \\\"Meet Ups\\\" -\",\"isPartOf\":{\"@id\":\"https:\\\/\\\/seashell-gorilla-764627.hostingersite.com\\\/#website\"},\"primaryImageOfPage\":{\"@id\":\"https:\\\/\\\/chatzglobal.com\\\/es\\\/customizing-courses\\\/#primaryimage\"},\"image\":{\"@id\":\"https:\\\/\\\/chatzglobal.com\\\/es\\\/customizing-courses\\\/#primaryimage\"},\"thumbnailUrl\":\"https:\\\/\\\/chatzglobal.com\\\/wp-content\\\/uploads\\\/2021\\\/02\\\/DSC_8973-Recovered@0.5x-1024x684.jpg\",\"datePublished\":\"2021-01-09T21:29:07+00:00\",\"dateModified\":\"2021-12-16T18:48:38+00:00\",\"breadcrumb\":{\"@id\":\"https:\\\/\\\/chatzglobal.com\\\/es\\\/customizing-courses\\\/#breadcrumb\"},\"inLanguage\":\"es\",\"potentialAction\":[{\"@type\":\"ReadAction\",\"target\":[\"https:\\\/\\\/chatzglobal.com\\\/es\\\/customizing-courses\\\/\"]}]},{\"@type\":\"ImageObject\",\"inLanguage\":\"es\",\"@id\":\"https:\\\/\\\/chatzglobal.com\\\/es\\\/customizing-courses\\\/#primaryimage\",\"url\":\"https:\\\/\\\/chatzglobal.com\\\/wp-content\\\/uploads\\\/2021\\\/02\\\/DSC_8973-Recovered@0.5x-1024x684.jpg\",\"contentUrl\":\"https:\\\/\\\/chatzglobal.com\\\/wp-content\\\/uploads\\\/2021\\\/02\\\/DSC_8973-Recovered@0.5x-1024x684.jpg\"},{\"@type\":\"BreadcrumbList\",\"@id\":\"https:\\\/\\\/chatzglobal.com\\\/es\\\/customizing-courses\\\/#breadcrumb\",\"itemListElement\":[{\"@type\":\"ListItem\",\"position\":1,\"name\":\"Chatz Global - English Classes for Conversation\",\"item\":\"https:\\\/\\\/seashell-gorilla-764627.hostingersite.com\\\/\"},{\"@type\":\"ListItem\",\"position\":2,\"name\":\"Chatz \\\"Meet Ups\\\"\"}]},{\"@type\":\"WebSite\",\"@id\":\"https:\\\/\\\/seashell-gorilla-764627.hostingersite.com\\\/#website\",\"url\":\"https:\\\/\\\/seashell-gorilla-764627.hostingersite.com\\\/\",\"name\":\"\",\"description\":\"\",\"potentialAction\":[{\"@type\":\"SearchAction\",\"target\":{\"@type\":\"EntryPoint\",\"urlTemplate\":\"https:\\\/\\\/seashell-gorilla-764627.hostingersite.com\\\/?s={search_term_string}\"},\"query-input\":{\"@type\":\"PropertyValueSpecification\",\"valueRequired\":true,\"valueName\":\"search_term_string\"}}],\"inLanguage\":\"es\"}]}<\/script>\n<!-- \/ Yoast SEO plugin. -->","yoast_head_json":{"title":"Chatz \"Meet Ups\"","description":"Why the \"Meet up\" Model? Small groups offer students more opportunities to talk. They are more willing to take risks that might not happen in a large classroom.Risk taking is essential to language learning! \u00bfPor qu\u00e9 el modelo \"Meet Up\"? Los grupos peque\u00f1os ofrecen a los estudiantes m\u00e1s oportunidades para hablar. Est\u00e1n m\u00e1s dispuestos a&hellip;","robots":{"index":"index","follow":"follow","max-snippet":"max-snippet:-1","max-image-preview":"max-image-preview:large","max-video-preview":"max-video-preview:-1"},"canonical":"Why the \"Meet up\" Model? Small groups offer students more opportunities to talk. They are more willing to take risks that might not happen in a large classroom.Risk taking is essential to language learning! \u00bfPor qu\u00e9 el modelo \"Meet Up\"? Los grupos peque\u00f1os ofrecen a los estudiantes m\u00e1s oportunidades para hablar. Est\u00e1n m\u00e1s dispuestos a&hellip;","og_locale":"es_ES","og_type":"article","og_title":"Chatz \"Meet Ups\"","og_description":"Why the \"Meet up\" Model? Small groups offer students more opportunities to talk. They are more willing to take risks that might not happen in a large classroom.Risk taking is essential to language learning! \u00bfPor qu\u00e9 el modelo \"Meet Up\"? Los grupos peque\u00f1os ofrecen a los estudiantes m\u00e1s oportunidades para hablar. Est\u00e1n m\u00e1s dispuestos a&hellip;","og_url":"https:\/\/chatzglobal.com\/es\/customizing-courses\/","article_modified_time":"2021-12-16T18:48:38+00:00","og_image":[{"url":"https:\/\/chatzglobal.com\/wp-content\/uploads\/2021\/02\/DSC_8973-Recovered@0.5x-1024x684.jpg","type":"","width":"","height":""}],"twitter_card":"summary_large_image","twitter_misc":{"Tiempo de lectura":"2 minutos"},"schema":{"@context":"https:\/\/schema.org","@graph":[{"@type":"WebPage","@id":"https:\/\/chatzglobal.com\/es\/customizing-courses\/","url":"https:\/\/chatzglobal.com\/es\/customizing-courses\/","name":"Chatz \"Meet Ups\" -","isPartOf":{"@id":"https:\/\/seashell-gorilla-764627.hostingersite.com\/#website"},"primaryImageOfPage":{"@id":"https:\/\/chatzglobal.com\/es\/customizing-courses\/#primaryimage"},"image":{"@id":"https:\/\/chatzglobal.com\/es\/customizing-courses\/#primaryimage"},"thumbnailUrl":"https:\/\/chatzglobal.com\/wp-content\/uploads\/2021\/02\/DSC_8973-Recovered@0.5x-1024x684.jpg","datePublished":"2021-01-09T21:29:07+00:00","dateModified":"2021-12-16T18:48:38+00:00","breadcrumb":{"@id":"https:\/\/chatzglobal.com\/es\/customizing-courses\/#breadcrumb"},"inLanguage":"es","potentialAction":[{"@type":"ReadAction","target":["https:\/\/chatzglobal.com\/es\/customizing-courses\/"]}]},{"@type":"ImageObject","inLanguage":"es","@id":"https:\/\/chatzglobal.com\/es\/customizing-courses\/#primaryimage","url":"https:\/\/chatzglobal.com\/wp-content\/uploads\/2021\/02\/DSC_8973-Recovered@0.5x-1024x684.jpg","contentUrl":"https:\/\/chatzglobal.com\/wp-content\/uploads\/2021\/02\/DSC_8973-Recovered@0.5x-1024x684.jpg"},{"@type":"BreadcrumbList","@id":"https:\/\/chatzglobal.com\/es\/customizing-courses\/#breadcrumb","itemListElement":[{"@type":"ListItem","position":1,"name":"Chatz Global - English Classes for Conversation","item":"https:\/\/seashell-gorilla-764627.hostingersite.com\/"},{"@type":"ListItem","position":2,"name":"Chatz \"Meet Ups\""}]},{"@type":"WebSite","@id":"https:\/\/seashell-gorilla-764627.hostingersite.com\/#website","url":"https:\/\/seashell-gorilla-764627.hostingersite.com\/","name":"","description":"","potentialAction":[{"@type":"SearchAction","target":{"@type":"EntryPoint","urlTemplate":"https:\/\/seashell-gorilla-764627.hostingersite.com\/?s={search_term_string}"},"query-input":{"@type":"PropertyValueSpecification","valueRequired":true,"valueName":"search_term_string"}}],"inLanguage":"es"}]}},"_links":{"self":[{"href":"https:\/\/chatzglobal.com\/es\/wp-json\/wp\/v2\/pages\/18","targetHints":{"allow":["GET"]}}],"collection":[{"href":"https:\/\/chatzglobal.com\/es\/wp-json\/wp\/v2\/pages"}],"about":[{"href":"https:\/\/chatzglobal.com\/es\/wp-json\/wp\/v2\/types\/page"}],"author":[{"embeddable":true,"href":"https:\/\/chatzglobal.com\/es\/wp-json\/wp\/v2\/users\/1"}],"replies":[{"embeddable":true,"href":"https:\/\/chatzglobal.com\/es\/wp-json\/wp\/v2\/comments?post=18"}],"version-history":[{"count":32,"href":"https:\/\/chatzglobal.com\/es\/wp-json\/wp\/v2\/pages\/18\/revisions"}],"predecessor-version":[{"id":432,"href":"https:\/\/chatzglobal.com\/es\/wp-json\/wp\/v2\/pages\/18\/revisions\/432"}],"wp:attachment":[{"href":"https:\/\/chatzglobal.com\/es\/wp-json\/wp\/v2\/media?parent=18"}],"curies":[{"name":"wp","href":"https:\/\/api.w.org\/{rel}","templated":true}]}}