{"id":19,"date":"2021-01-09T21:29:07","date_gmt":"2021-01-09T21:29:07","guid":{"rendered":"https:\/\/chatzglobal.com\/?page_id=19"},"modified":"2023-04-04T09:33:32","modified_gmt":"2023-04-04T09:33:32","slug":"our-teachers","status":"publish","type":"page","link":"https:\/\/chatzglobal.com\/es\/our-teachers\/","title":{"rendered":"Chatz Global Teachers"},"content":{"rendered":"<div class=\"wp-block-image\">\n<figure class=\"aligncenter size-large is-resized\"><img loading=\"lazy\" decoding=\"async\" src=\"https:\/\/chatzglobal.com\/wp-content\/uploads\/2021\/02\/DSC_9625@0.33x-1024x659.jpg\" alt=\"\" class=\"wp-image-296\" width=\"433\" height=\"279\" srcset=\"https:\/\/chatzglobal.com\/wp-content\/uploads\/2021\/02\/DSC_9625@0.33x-1024x659.jpg 1024w, https:\/\/chatzglobal.com\/wp-content\/uploads\/2021\/02\/DSC_9625@0.33x-300x193.jpg 300w, https:\/\/chatzglobal.com\/wp-content\/uploads\/2021\/02\/DSC_9625@0.33x-768x495.jpg 768w, https:\/\/chatzglobal.com\/wp-content\/uploads\/2021\/02\/DSC_9625@0.33x-1536x989.jpg 1536w, https:\/\/chatzglobal.com\/wp-content\/uploads\/2021\/02\/DSC_9625@0.33x.jpg 1854w\" sizes=\"auto, (max-width: 433px) 100vw, 433px\" \/><\/figure>\n<\/div>\n\n\n<p class=\"has-text-align-center has-custom-lineheight\" style=\"line-height:1;font-size:22px\"><strong>Meet our Teachers!!  <\/strong>                                       <strong>                    \u00a1Venga a conocer nuestros maestros!<\/strong><\/p>\n\n\n\n<div class=\"wp-block-columns is-layout-flex wp-container-core-columns-is-layout-9d6595d7 wp-block-columns-is-layout-flex\">\n<div class=\"wp-block-column is-layout-flow wp-block-column-is-layout-flow\">\n<p class=\"has-text-align-center\" style=\"font-size:18px\"><strong>Our amazing teachers are Professional, Flexible and FUN!<\/strong><\/p>\n\n\n\n<p class=\"has-text-align-center\" style=\"font-size:18px\">What are the benefits of learning from a Chatz Global teacher?<\/p>\n\n\n\n<p class=\"has-text-align-left\" style=\"font-size:18px\"><strong>*<em>Goo<\/em><\/strong><em><strong>d Learning Happens!<\/strong><\/em> Why? Our core beliefs are that students<br>learn best when they are relaxed, engaged and having <strong>fun<\/strong>!<\/p>\n\n\n\n<p class=\"has-text-align-left\" style=\"font-size:18px\">*<strong><em>Quality Instruction<\/em><\/strong>-all our teachers have over 180 hours of TEFL instruction. Also, unique to our certification is 15 hours of Methods for Small Group Instruction.<\/p>\n\n\n\n<p class=\"has-text-align-left\" style=\"font-size:18px\"><strong><em>*Customized Lessons<\/em><\/strong>-our teachers are not tied to a textbook, though they may use one. They can create lessons to use vocabulary you need.<\/p>\n\n\n\n<p class=\"has-text-align-left\" style=\"font-size:18px\"><em><strong>*Learning is relational<\/strong><\/em>&#8211; because our program offers a relational small group setting, we get teachers WHO LOVE PEOPLE!<\/p>\n<\/div>\n\n\n\n<div class=\"wp-block-column is-layout-flow wp-block-column-is-layout-flow\">\n<p class=\"has-text-align-left\" style=\"font-size:18px\">                <strong>\u00a1Nuestros incre\u00edbles profesores son profesionales, <\/strong><br>                                          <strong>flexibles y DIVERTIDOS<\/strong>!<br>\u00bfCu\u00e1les son los beneficios de aprender de un profesor de Chatz Global?<br><strong>* Ocurre un buen aprendizaje!<\/strong> \u00bfPor qu\u00e9? Nuestras creencias fundamentales son que los estudiantes aprenden mejor cuando est\u00e1n relajados, comprometidos, y <strong>divirti\u00e9ndose<\/strong>! <br><strong>*<\/strong> <strong>Instrucci\u00f3n de alta calidad:<\/strong> todos nuestros maestros tienen m\u00e1s de 180 horas de instrucci\u00f3n TEFL.  Adem\u00e1s, muestra certificaci\u00f3n es exclusiva de 15 horas de m\u00e9todos para la instrucci\u00f3n en grupos peque\u00f1os .<br><strong>* Lecciones personalizadas<\/strong>: nuestros maestros no est\u00e1n atados a un libro de texto, aunque pueden usar uno.  Pueden crear lecciones para usar el vocabulario que necesita. <br><strong>*<\/strong> <strong>El aprendizaje es relacional<\/strong>: debido a que nuestro programa ofrece un entorno relacional para grupos peque\u00f1os , \u00a1tenemos maestros QUE AMAN A LA GENTE!<br><\/p>\n<\/div>\n<\/div>\n\n\n<div class=\"wp-block-image\">\n<figure class=\"aligncenter size-large is-resized\"><img loading=\"lazy\" decoding=\"async\" src=\"https:\/\/chatzglobal.com\/wp-content\/uploads\/2021\/02\/DSC_9039-1024x316.jpg\" alt=\"\" class=\"wp-image-234\" width=\"506\" height=\"151\"\/><\/figure>\n<\/div>\n\n\n<p class=\"has-text-align-center\" style=\"font-size:20px\"><strong>Contact Us: email: chatzglobal22@gmail.com<\/strong><\/p>\n\n\n\n<p><\/p>\n","protected":false},"excerpt":{"rendered":"<p>Meet our Teachers!! \u00a1Venga a conocer nuestros maestros! Our amazing teachers are Professional, Flexible and FUN! What are the benefits of learning from a Chatz Global teacher? *Good Learning Happens! Why? Our core beliefs are that studentslearn best when they are relaxed, engaged and having fun! *Quality Instruction-all our teachers have over 180 hours of [&hellip;]<\/p>\n","protected":false},"author":1,"featured_media":0,"parent":0,"menu_order":0,"comment_status":"closed","ping_status":"closed","template":"","meta":{"_coblocks_attr":"","_coblocks_dimensions":"","_coblocks_responsive_height":"","_coblocks_accordion_ie_support":"","footnotes":""},"class_list":["post-19","page","type-page","status-publish","hentry"],"yoast_head":"<!-- This site is optimized with the Yoast SEO plugin v27.4 - https:\/\/yoast.com\/product\/yoast-seo-wordpress\/ -->\n<title>Chatz Global Teachers<\/title>\n<meta name=\"description\" content=\"Meet our Teachers!! \u00a1Venga a conocer nuestros maestros! Our amazing teachers are Professional, Flexible and FUN! What are the benefits of learning from a Chatz Global teacher? *Good Learning Happens! Why? Our core beliefs are that studentslearn best when they are relaxed, engaged and having fun! *Quality Instruction-all our teachers have over 180 hours of&hellip;\" \/>\n<meta name=\"robots\" content=\"index, follow, max-snippet:-1, max-image-preview:large, max-video-preview:-1\" \/>\n<link rel=\"canonical\" href=\"http:\/\/Meet%20our%20Teachers!!%20\u00a1Venga%20a%20conocer%20nuestros%20maestros!%20Our%20amazing%20teachers%20are%20Professional,%20Flexible%20and%20FUN!%20What%20are%20the%20benefits%20of%20learning%20from%20a%20Chatz%20Global%20teacher?%20*Good%20Learning%20Happens!%20Why?%20Our%20core%20beliefs%20are%20that%20studentslearn%20best%20when%20they%20are%20relaxed,%20engaged%20and%20having%20fun!%20*Quality%20Instruction-all%20our%20teachers%20have%20over%20180%20hours%20of&hellip;\" \/>\n<meta property=\"og:locale\" content=\"es_ES\" \/>\n<meta property=\"og:type\" content=\"article\" \/>\n<meta property=\"og:title\" content=\"Chatz Global Teachers\" \/>\n<meta property=\"og:description\" content=\"Meet our Teachers!! \u00a1Venga a conocer nuestros maestros! Our amazing teachers are Professional, Flexible and FUN! What are the benefits of learning from a Chatz Global teacher? *Good Learning Happens! Why? Our core beliefs are that studentslearn best when they are relaxed, engaged and having fun! *Quality Instruction-all our teachers have over 180 hours of&hellip;\" \/>\n<meta property=\"og:url\" content=\"https:\/\/chatzglobal.com\/es\/our-teachers\/\" \/>\n<meta property=\"article:modified_time\" content=\"2023-04-04T09:33:32+00:00\" \/>\n<meta property=\"og:image\" content=\"https:\/\/chatzglobal.com\/wp-content\/uploads\/2021\/02\/DSC_9625@0.33x-1024x659.jpg\" \/>\n<meta name=\"twitter:card\" content=\"summary_large_image\" \/>\n<meta name=\"twitter:label1\" content=\"Tiempo de lectura\" \/>\n\t<meta name=\"twitter:data1\" content=\"2 minutos\" \/>\n<script type=\"application\/ld+json\" class=\"yoast-schema-graph\">{\"@context\":\"https:\\\/\\\/schema.org\",\"@graph\":[{\"@type\":\"WebPage\",\"@id\":\"https:\\\/\\\/chatzglobal.com\\\/es\\\/our-teachers\\\/\",\"url\":\"https:\\\/\\\/chatzglobal.com\\\/es\\\/our-teachers\\\/\",\"name\":\"Chatz Global Teachers -\",\"isPartOf\":{\"@id\":\"https:\\\/\\\/seashell-gorilla-764627.hostingersite.com\\\/#website\"},\"primaryImageOfPage\":{\"@id\":\"https:\\\/\\\/chatzglobal.com\\\/es\\\/our-teachers\\\/#primaryimage\"},\"image\":{\"@id\":\"https:\\\/\\\/chatzglobal.com\\\/es\\\/our-teachers\\\/#primaryimage\"},\"thumbnailUrl\":\"https:\\\/\\\/chatzglobal.com\\\/wp-content\\\/uploads\\\/2021\\\/02\\\/DSC_9625@0.33x-1024x659.jpg\",\"datePublished\":\"2021-01-09T21:29:07+00:00\",\"dateModified\":\"2023-04-04T09:33:32+00:00\",\"breadcrumb\":{\"@id\":\"https:\\\/\\\/chatzglobal.com\\\/es\\\/our-teachers\\\/#breadcrumb\"},\"inLanguage\":\"es\",\"potentialAction\":[{\"@type\":\"ReadAction\",\"target\":[\"https:\\\/\\\/chatzglobal.com\\\/es\\\/our-teachers\\\/\"]}]},{\"@type\":\"ImageObject\",\"inLanguage\":\"es\",\"@id\":\"https:\\\/\\\/chatzglobal.com\\\/es\\\/our-teachers\\\/#primaryimage\",\"url\":\"https:\\\/\\\/chatzglobal.com\\\/wp-content\\\/uploads\\\/2021\\\/02\\\/DSC_9625@0.33x-1024x659.jpg\",\"contentUrl\":\"https:\\\/\\\/chatzglobal.com\\\/wp-content\\\/uploads\\\/2021\\\/02\\\/DSC_9625@0.33x-1024x659.jpg\"},{\"@type\":\"BreadcrumbList\",\"@id\":\"https:\\\/\\\/chatzglobal.com\\\/es\\\/our-teachers\\\/#breadcrumb\",\"itemListElement\":[{\"@type\":\"ListItem\",\"position\":1,\"name\":\"Chatz Global - English Classes for Conversation\",\"item\":\"https:\\\/\\\/seashell-gorilla-764627.hostingersite.com\\\/\"},{\"@type\":\"ListItem\",\"position\":2,\"name\":\"Chatz Global Teachers\"}]},{\"@type\":\"WebSite\",\"@id\":\"https:\\\/\\\/seashell-gorilla-764627.hostingersite.com\\\/#website\",\"url\":\"https:\\\/\\\/seashell-gorilla-764627.hostingersite.com\\\/\",\"name\":\"\",\"description\":\"\",\"potentialAction\":[{\"@type\":\"SearchAction\",\"target\":{\"@type\":\"EntryPoint\",\"urlTemplate\":\"https:\\\/\\\/seashell-gorilla-764627.hostingersite.com\\\/?s={search_term_string}\"},\"query-input\":{\"@type\":\"PropertyValueSpecification\",\"valueRequired\":true,\"valueName\":\"search_term_string\"}}],\"inLanguage\":\"es\"}]}<\/script>\n<!-- \/ Yoast SEO plugin. -->","yoast_head_json":{"title":"Chatz Global Teachers","description":"Meet our Teachers!! \u00a1Venga a conocer nuestros maestros! Our amazing teachers are Professional, Flexible and FUN! What are the benefits of learning from a Chatz Global teacher? *Good Learning Happens! Why? Our core beliefs are that studentslearn best when they are relaxed, engaged and having fun! *Quality Instruction-all our teachers have over 180 hours of&hellip;","robots":{"index":"index","follow":"follow","max-snippet":"max-snippet:-1","max-image-preview":"max-image-preview:large","max-video-preview":"max-video-preview:-1"},"canonical":"Meet our Teachers!! \u00a1Venga a conocer nuestros maestros! Our amazing teachers are Professional, Flexible and FUN! What are the benefits of learning from a Chatz Global teacher? *Good Learning Happens! Why? Our core beliefs are that studentslearn best when they are relaxed, engaged and having fun! *Quality Instruction-all our teachers have over 180 hours of&hellip;","og_locale":"es_ES","og_type":"article","og_title":"Chatz Global Teachers","og_description":"Meet our Teachers!! \u00a1Venga a conocer nuestros maestros! Our amazing teachers are Professional, Flexible and FUN! What are the benefits of learning from a Chatz Global teacher? *Good Learning Happens! Why? Our core beliefs are that studentslearn best when they are relaxed, engaged and having fun! *Quality Instruction-all our teachers have over 180 hours of&hellip;","og_url":"https:\/\/chatzglobal.com\/es\/our-teachers\/","article_modified_time":"2023-04-04T09:33:32+00:00","og_image":[{"url":"https:\/\/chatzglobal.com\/wp-content\/uploads\/2021\/02\/DSC_9625@0.33x-1024x659.jpg","type":"","width":"","height":""}],"twitter_card":"summary_large_image","twitter_misc":{"Tiempo de lectura":"2 minutos"},"schema":{"@context":"https:\/\/schema.org","@graph":[{"@type":"WebPage","@id":"https:\/\/chatzglobal.com\/es\/our-teachers\/","url":"https:\/\/chatzglobal.com\/es\/our-teachers\/","name":"Chatz Global Teachers -","isPartOf":{"@id":"https:\/\/seashell-gorilla-764627.hostingersite.com\/#website"},"primaryImageOfPage":{"@id":"https:\/\/chatzglobal.com\/es\/our-teachers\/#primaryimage"},"image":{"@id":"https:\/\/chatzglobal.com\/es\/our-teachers\/#primaryimage"},"thumbnailUrl":"https:\/\/chatzglobal.com\/wp-content\/uploads\/2021\/02\/DSC_9625@0.33x-1024x659.jpg","datePublished":"2021-01-09T21:29:07+00:00","dateModified":"2023-04-04T09:33:32+00:00","breadcrumb":{"@id":"https:\/\/chatzglobal.com\/es\/our-teachers\/#breadcrumb"},"inLanguage":"es","potentialAction":[{"@type":"ReadAction","target":["https:\/\/chatzglobal.com\/es\/our-teachers\/"]}]},{"@type":"ImageObject","inLanguage":"es","@id":"https:\/\/chatzglobal.com\/es\/our-teachers\/#primaryimage","url":"https:\/\/chatzglobal.com\/wp-content\/uploads\/2021\/02\/DSC_9625@0.33x-1024x659.jpg","contentUrl":"https:\/\/chatzglobal.com\/wp-content\/uploads\/2021\/02\/DSC_9625@0.33x-1024x659.jpg"},{"@type":"BreadcrumbList","@id":"https:\/\/chatzglobal.com\/es\/our-teachers\/#breadcrumb","itemListElement":[{"@type":"ListItem","position":1,"name":"Chatz Global - English Classes for Conversation","item":"https:\/\/seashell-gorilla-764627.hostingersite.com\/"},{"@type":"ListItem","position":2,"name":"Chatz Global Teachers"}]},{"@type":"WebSite","@id":"https:\/\/seashell-gorilla-764627.hostingersite.com\/#website","url":"https:\/\/seashell-gorilla-764627.hostingersite.com\/","name":"","description":"","potentialAction":[{"@type":"SearchAction","target":{"@type":"EntryPoint","urlTemplate":"https:\/\/seashell-gorilla-764627.hostingersite.com\/?s={search_term_string}"},"query-input":{"@type":"PropertyValueSpecification","valueRequired":true,"valueName":"search_term_string"}}],"inLanguage":"es"}]}},"_links":{"self":[{"href":"https:\/\/chatzglobal.com\/es\/wp-json\/wp\/v2\/pages\/19","targetHints":{"allow":["GET"]}}],"collection":[{"href":"https:\/\/chatzglobal.com\/es\/wp-json\/wp\/v2\/pages"}],"about":[{"href":"https:\/\/chatzglobal.com\/es\/wp-json\/wp\/v2\/types\/page"}],"author":[{"embeddable":true,"href":"https:\/\/chatzglobal.com\/es\/wp-json\/wp\/v2\/users\/1"}],"replies":[{"embeddable":true,"href":"https:\/\/chatzglobal.com\/es\/wp-json\/wp\/v2\/comments?post=19"}],"version-history":[{"count":51,"href":"https:\/\/chatzglobal.com\/es\/wp-json\/wp\/v2\/pages\/19\/revisions"}],"predecessor-version":[{"id":438,"href":"https:\/\/chatzglobal.com\/es\/wp-json\/wp\/v2\/pages\/19\/revisions\/438"}],"wp:attachment":[{"href":"https:\/\/chatzglobal.com\/es\/wp-json\/wp\/v2\/media?parent=19"}],"curies":[{"name":"wp","href":"https:\/\/api.w.org\/{rel}","templated":true}]}}