{"id":58,"date":"2021-01-11T18:28:58","date_gmt":"2021-01-11T18:28:58","guid":{"rendered":"https:\/\/chatzglobal.com\/?page_id=58"},"modified":"2025-11-04T14:10:09","modified_gmt":"2025-11-04T14:10:09","slug":"home","status":"publish","type":"page","link":"https:\/\/chatzglobal.com\/es\/","title":{"rendered":"Chatz Global - English Classes for Conversation"},"content":{"rendered":"\n<p class=\"has-text-align-center mt-0 pt-0\" style=\"font-size:20px\"><\/p>\n\n\n\n<div class=\"wp-block-columns is-layout-flex wp-container-core-columns-is-layout-9d6595d7 wp-block-columns-is-layout-flex\">\n<div class=\"wp-block-column is-layout-flow wp-block-column-is-layout-flow\">\n<p class=\"has-text-align-center\" style=\"font-size:30px\"><strong>UNIQUE WORLD CLASS SPECIALIZED ENGLISH INSTRUCTION<\/strong><\/p>\n\n\n\n<p class=\"has-text-align-center\" style=\"font-size:20px\">We offer English Lessons in the warmth and friendliness of<br>small groups in your community.<\/p>\n\n\n\n<p class=\"has-text-align-center\" style=\"font-size:20px\">Check out our other pages to discover<br>HOW and WHY we do this!<\/p>\n<\/div>\n\n\n\n<div class=\"wp-block-column is-layout-flow wp-block-column-is-layout-flow\">\n<p class=\"has-text-align-center\" style=\"font-size:30px\"><strong>Formaci\u00f3n en ingl\u00e9s unica<\/strong><br><strong>especializada y de clase mundial<\/strong> <\/p>\n\n\n\n<p class=\"has-text-align-center\" style=\"font-size:20px\">Ofrecemos lecciones de ingl\u00e9s en grupos peque\u00f1os en su comunidad don se siente confianza y amistad.<\/p>\n\n\n\n<p class=\"has-text-align-center\" style=\"font-size:20px\">Consulte las otras p\u00e1ginas de nuestro sitio <br>web para descubrir<\/p>\n\n\n\n<p class=\"has-text-align-center\" style=\"font-size:20px\">\u00a1C\u00f3mo y por qu\u00e9 hacemos esto!<\/p>\n<\/div>\n<\/div>\n\n\n\n<p><\/p>\n\n\n<div id=\"metaslider-id-49\" style=\"width: 100%;\" class=\"ml-slider-3-107-0 metaslider metaslider-nivo metaslider-49 ml-slider has-dots-nav ms-theme-default\" role=\"region\" aria-label=\"New Slideshow\" data-height=\"480\" data-width=\"860\">\n    <div id=\"metaslider_container_49\">\n        <div class='slider-wrapper theme-default'><div class='ribbon'><\/div><div id='metaslider_49' class='nivoSlider'><a href=\"https:\/\/chatzglobal.com\/our-teachers\/\" target=\"_self\"><img loading=\"lazy\" decoding=\"async\" src=\"https:\/\/chatzglobal.com\/wp-content\/uploads\/2021\/02\/DSC_9279@0.33x-860x480.jpg\" height=\"480\" width=\"860\" title=\"DSC_9279@0.33x\" alt=\"\" class=\"slider-49 slide-53 msDefaultImage\" \/><\/a><a href=\"https:\/\/chatzglobal.com\/customizing-courses\/\" target=\"_self\"><img loading=\"lazy\" decoding=\"async\" src=\"https:\/\/chatzglobal.com\/wp-content\/uploads\/2021\/02\/DSC_9670@0.33x-860x480.jpg\" height=\"480\" width=\"860\" title=\"DSC_9670@0.33x\" alt=\"\" class=\"slider-49 slide-54 msDefaultImage\" \/><\/a><a href=\"https:\/\/chatzglobal.com\/about\/\" target=\"_self\"><img loading=\"lazy\" decoding=\"async\" src=\"https:\/\/chatzglobal.com\/wp-content\/uploads\/2021\/02\/DSC_9039-scaled-860x480.jpg\" height=\"480\" width=\"860\" title=\"DSC_9039\" alt=\"\" class=\"slider-49 slide-55 msDefaultImage\" \/><\/a><\/div><\/div>\n        \n    <\/div>\n<\/div>\n\n\n\n<p class=\"has-text-align-center\" style=\"font-size:18px\"><br><br><\/p>\n","protected":false},"excerpt":{"rendered":"<p>UNIQUE WORLD CLASS SPECIALIZED ENGLISH INSTRUCTION We offer English Lessons in the warmth and friendliness ofsmall groups in your community. Check out our other pages to discoverHOW and WHY we do this! Formaci\u00f3n en ingl\u00e9s unicaespecializada y de clase mundial Ofrecemos lecciones de ingl\u00e9s en grupos peque\u00f1os en su comunidad don se siente confianza y [&hellip;]<\/p>\n","protected":false},"author":1,"featured_media":0,"parent":0,"menu_order":0,"comment_status":"closed","ping_status":"closed","template":"","meta":{"_coblocks_attr":"","_coblocks_dimensions":"","_coblocks_responsive_height":"","_coblocks_accordion_ie_support":"","footnotes":""},"class_list":["post-58","page","type-page","status-publish","hentry"],"yoast_head":"<!-- This site is optimized with the Yoast SEO plugin v27.4 - https:\/\/yoast.com\/product\/yoast-seo-wordpress\/ -->\n<title>Specialized English Instruction &amp; Community Classes<\/title>\n<meta name=\"description\" content=\"UNIQUE WORLD CLASS SPECIALIZED ENGLISH INSTRUCTION We offer English Lessons in the warmth and friendliness ofsmall groups in your community. Check out our other pages to discoverHOW and WHY we do this! Formaci\u00f3n en ingl\u00e9s unicaespecializada y de clase mundial Ofrecemos lecciones de ingl\u00e9s en grupos peque\u00f1os en su comunidad don se siente confianza y&hellip;\" \/>\n<meta name=\"robots\" content=\"index, follow, max-snippet:-1, max-image-preview:large, max-video-preview:-1\" \/>\n<link rel=\"canonical\" href=\"http:\/\/UNIQUE%20WORLD%20CLASS%20SPECIALIZED%20ENGLISH%20INSTRUCTION%20We%20offer%20English%20Lessons%20in%20the%20warmth%20and%20friendliness%20ofsmall%20groups%20in%20your%20community.%20Check%20out%20our%20other%20pages%20to%20discoverHOW%20and%20WHY%20we%20do%20this!%20Formaci\u00f3n%20en%20ingl\u00e9s%20unicaespecializada%20y%20de%20clase%20mundial%20Ofrecemos%20lecciones%20de%20ingl\u00e9s%20en%20grupos%20peque\u00f1os%20en%20su%20comunidad%20don%20se%20siente%20confianza%20y&hellip;\" \/>\n<meta property=\"og:locale\" content=\"es_ES\" \/>\n<meta property=\"og:type\" content=\"article\" \/>\n<meta property=\"og:title\" content=\"Specialized English Instruction &amp; Community Classes\" \/>\n<meta property=\"og:description\" content=\"UNIQUE WORLD CLASS SPECIALIZED ENGLISH INSTRUCTION We offer English Lessons in the warmth and friendliness ofsmall groups in your community. Check out our other pages to discoverHOW and WHY we do this! Formaci\u00f3n en ingl\u00e9s unicaespecializada y de clase mundial Ofrecemos lecciones de ingl\u00e9s en grupos peque\u00f1os en su comunidad don se siente confianza y&hellip;\" \/>\n<meta property=\"og:url\" content=\"https:\/\/chatzglobal.com\/es\/\" \/>\n<meta property=\"article:modified_time\" content=\"2025-11-04T14:10:09+00:00\" \/>\n<meta name=\"twitter:card\" content=\"summary_large_image\" \/>\n<meta name=\"twitter:label1\" content=\"Tiempo de lectura\" \/>\n\t<meta name=\"twitter:data1\" content=\"1 minuto\" \/>\n<script type=\"application\/ld+json\" class=\"yoast-schema-graph\">{\"@context\":\"https:\\\/\\\/schema.org\",\"@graph\":[{\"@type\":\"WebPage\",\"@id\":\"https:\\\/\\\/chatzglobal.com\\\/es\\\/\",\"url\":\"https:\\\/\\\/chatzglobal.com\\\/es\\\/\",\"name\":\"Specialized English Instruction & Community Classes\",\"isPartOf\":{\"@id\":\"https:\\\/\\\/seashell-gorilla-764627.hostingersite.com\\\/#website\"},\"datePublished\":\"2021-01-11T18:28:58+00:00\",\"dateModified\":\"2025-11-04T14:10:09+00:00\",\"breadcrumb\":{\"@id\":\"https:\\\/\\\/chatzglobal.com\\\/es\\\/#breadcrumb\"},\"inLanguage\":\"es\",\"potentialAction\":[{\"@type\":\"ReadAction\",\"target\":[\"https:\\\/\\\/chatzglobal.com\\\/es\\\/\"]}]},{\"@type\":\"BreadcrumbList\",\"@id\":\"https:\\\/\\\/chatzglobal.com\\\/es\\\/#breadcrumb\",\"itemListElement\":[{\"@type\":\"ListItem\",\"position\":1,\"name\":\"Chatz Global - English Classes for Conversation\",\"item\":\"https:\\\/\\\/seashell-gorilla-764627.hostingersite.com\\\/\"},{\"@type\":\"ListItem\",\"position\":2,\"name\":\"Chatz Global - English Classes for Conversation\"}]},{\"@type\":\"WebSite\",\"@id\":\"https:\\\/\\\/seashell-gorilla-764627.hostingersite.com\\\/#website\",\"url\":\"https:\\\/\\\/seashell-gorilla-764627.hostingersite.com\\\/\",\"name\":\"\",\"description\":\"\",\"potentialAction\":[{\"@type\":\"SearchAction\",\"target\":{\"@type\":\"EntryPoint\",\"urlTemplate\":\"https:\\\/\\\/seashell-gorilla-764627.hostingersite.com\\\/?s={search_term_string}\"},\"query-input\":{\"@type\":\"PropertyValueSpecification\",\"valueRequired\":true,\"valueName\":\"search_term_string\"}}],\"inLanguage\":\"es\"}]}<\/script>\n<!-- \/ Yoast SEO plugin. -->","yoast_head_json":{"title":"Specialized English Instruction & Community Classes","description":"UNIQUE WORLD CLASS SPECIALIZED ENGLISH INSTRUCTION We offer English Lessons in the warmth and friendliness ofsmall groups in your community. Check out our other pages to discoverHOW and WHY we do this! Formaci\u00f3n en ingl\u00e9s unicaespecializada y de clase mundial Ofrecemos lecciones de ingl\u00e9s en grupos peque\u00f1os en su comunidad don se siente confianza y&hellip;","robots":{"index":"index","follow":"follow","max-snippet":"max-snippet:-1","max-image-preview":"max-image-preview:large","max-video-preview":"max-video-preview:-1"},"canonical":"UNIQUE WORLD CLASS SPECIALIZED ENGLISH INSTRUCTION We offer English Lessons in the warmth and friendliness ofsmall groups in your community. Check out our other pages to discoverHOW and WHY we do this! Formaci\u00f3n en ingl\u00e9s unicaespecializada y de clase mundial Ofrecemos lecciones de ingl\u00e9s en grupos peque\u00f1os en su comunidad don se siente confianza y&hellip;","og_locale":"es_ES","og_type":"article","og_title":"Specialized English Instruction & Community Classes","og_description":"UNIQUE WORLD CLASS SPECIALIZED ENGLISH INSTRUCTION We offer English Lessons in the warmth and friendliness ofsmall groups in your community. Check out our other pages to discoverHOW and WHY we do this! Formaci\u00f3n en ingl\u00e9s unicaespecializada y de clase mundial Ofrecemos lecciones de ingl\u00e9s en grupos peque\u00f1os en su comunidad don se siente confianza y&hellip;","og_url":"https:\/\/chatzglobal.com\/es\/","article_modified_time":"2025-11-04T14:10:09+00:00","twitter_card":"summary_large_image","twitter_misc":{"Tiempo de lectura":"1 minuto"},"schema":{"@context":"https:\/\/schema.org","@graph":[{"@type":"WebPage","@id":"https:\/\/chatzglobal.com\/es\/","url":"https:\/\/chatzglobal.com\/es\/","name":"Specialized English Instruction & Community Classes","isPartOf":{"@id":"https:\/\/seashell-gorilla-764627.hostingersite.com\/#website"},"datePublished":"2021-01-11T18:28:58+00:00","dateModified":"2025-11-04T14:10:09+00:00","breadcrumb":{"@id":"https:\/\/chatzglobal.com\/es\/#breadcrumb"},"inLanguage":"es","potentialAction":[{"@type":"ReadAction","target":["https:\/\/chatzglobal.com\/es\/"]}]},{"@type":"BreadcrumbList","@id":"https:\/\/chatzglobal.com\/es\/#breadcrumb","itemListElement":[{"@type":"ListItem","position":1,"name":"Chatz Global - English Classes for Conversation","item":"https:\/\/seashell-gorilla-764627.hostingersite.com\/"},{"@type":"ListItem","position":2,"name":"Chatz Global - English Classes for Conversation"}]},{"@type":"WebSite","@id":"https:\/\/seashell-gorilla-764627.hostingersite.com\/#website","url":"https:\/\/seashell-gorilla-764627.hostingersite.com\/","name":"","description":"","potentialAction":[{"@type":"SearchAction","target":{"@type":"EntryPoint","urlTemplate":"https:\/\/seashell-gorilla-764627.hostingersite.com\/?s={search_term_string}"},"query-input":{"@type":"PropertyValueSpecification","valueRequired":true,"valueName":"search_term_string"}}],"inLanguage":"es"}]}},"_links":{"self":[{"href":"https:\/\/chatzglobal.com\/es\/wp-json\/wp\/v2\/pages\/58","targetHints":{"allow":["GET"]}}],"collection":[{"href":"https:\/\/chatzglobal.com\/es\/wp-json\/wp\/v2\/pages"}],"about":[{"href":"https:\/\/chatzglobal.com\/es\/wp-json\/wp\/v2\/types\/page"}],"author":[{"embeddable":true,"href":"https:\/\/chatzglobal.com\/es\/wp-json\/wp\/v2\/users\/1"}],"replies":[{"embeddable":true,"href":"https:\/\/chatzglobal.com\/es\/wp-json\/wp\/v2\/comments?post=58"}],"version-history":[{"count":39,"href":"https:\/\/chatzglobal.com\/es\/wp-json\/wp\/v2\/pages\/58\/revisions"}],"predecessor-version":[{"id":458,"href":"https:\/\/chatzglobal.com\/es\/wp-json\/wp\/v2\/pages\/58\/revisions\/458"}],"wp:attachment":[{"href":"https:\/\/chatzglobal.com\/es\/wp-json\/wp\/v2\/media?parent=58"}],"curies":[{"name":"wp","href":"https:\/\/api.w.org\/{rel}","templated":true}]}}